

{"id":5,"date":"2014-01-01T17:31:17","date_gmt":"2014-01-01T15:31:17","guid":{"rendered":"http:\/\/www.brennpunkt-arnsberg.de\/?page_id=5"},"modified":"2026-03-15T22:55:19","modified_gmt":"2026-03-15T21:55:19","slug":"startseite","status":"publish","type":"page","link":"https:\/\/brennpunkt.afh96.de\/","title":{"rendered":"Startseite"},"content":{"rendered":"\n<p><a href=\"https:\/\/www.afh96.de\/event\/\" data-type=\"link\" data-id=\"https:\/\/www.afh96.de\/event\/\"><strong>ANMELDUNG ZUM OLDTIMERTREFFEN 30 Jahre AFH96 2026 (afh96.de)<\/strong><\/a><br><\/p>\n\n\n<div class=\"wp-block-image\">\n<figure class=\"aligncenter size-large is-resized\"><a href=\"https:\/\/afh96.de\/event\"><img loading=\"lazy\" decoding=\"async\" width=\"728\" height=\"1024\" src=\"https:\/\/brennpunkt.afh96.de\/wp-content\/uploads\/2026\/03\/AFH_30_JAHRE_1-728x1024.png\" alt=\"\" class=\"wp-image-710\" style=\"width:414px;height:auto\" srcset=\"https:\/\/brennpunkt.afh96.de\/wp-content\/uploads\/2026\/03\/AFH_30_JAHRE_1-728x1024.png 728w, https:\/\/brennpunkt.afh96.de\/wp-content\/uploads\/2026\/03\/AFH_30_JAHRE_1-213x300.png 213w, https:\/\/brennpunkt.afh96.de\/wp-content\/uploads\/2026\/03\/AFH_30_JAHRE_1-768x1080.png 768w, https:\/\/brennpunkt.afh96.de\/wp-content\/uploads\/2026\/03\/AFH_30_JAHRE_1-1092x1536.png 1092w, https:\/\/brennpunkt.afh96.de\/wp-content\/uploads\/2026\/03\/AFH_30_JAHRE_1.png 1422w\" sizes=\"auto, (max-width: 728px) 100vw, 728px\" \/><\/a><\/figure><\/div>\n\n\n<p><strong>Der \u201eBrennpunkt\u201c &#8211; Feuerwehrmuseum<\/strong> <strong>der Generationen<\/strong><\/p>\n\n\n\n<p>\u00f6ffnet die Saison 2026 am 14.03.\/15.03.2026. An den ungeraden Wochenende (bis einschlie\u00dflich 24.10.\/25.10.2026) ist das Museum von 14:00 \u2014 17:00 ge\u00f6ffnet. Weitere Informationen finden Sie unter <a href=\"http:\/\/www.brennpunkt-arnsberg.de\/?page_id=12\" data-type=\"page\" data-id=\"12\">\u00d6ffnungszeiten &amp; Preise<\/a>.<\/p>\n\n\n\n<p>Sonder\u00f6ffnungen stehen ebenfalls zur Verf\u00fcgung, siehe unten.<\/p>\n\n\n\n<hr class=\"wp-block-separator has-alpha-channel-opacity\"\/>\n\n\n\n<p><strong>Ganzj\u00e4hrig <\/strong>bieten wir auf Anfrage an (au\u00dfer Sonntags und Feiertags):<\/p>\n\n\n\n<ul class=\"wp-block-list\">\n<li>F\u00fchrungen von Gruppen, Kinderg\u00e4rten und Schulen<\/li>\n<\/ul>\n\n\n\n<ul class=\"wp-block-list\">\n<li>Kindergeburtstage<\/li>\n<\/ul>\n\n\n\n<ul class=\"wp-block-list\">\n<li>Hochzeitsfahrten mit unseren Oldtimerfahrzeugen<\/li>\n<\/ul>\n\n\n\n<ul class=\"wp-block-list\">\n<li>Vermietung von R\u00e4umlichkeiten<\/li>\n<\/ul>\n\n\n\n<p>Besuchstermine k\u00f6nnen \u00fcber info(at)afh96.de oder die angegebenen Kontaktdaten&nbsp;abgestimmt werden.&nbsp;<\/p>\n\n\n\n<hr class=\"wp-block-separator has-alpha-channel-opacity\"\/>\n\n\n\n<p><strong>NEU: Heiraten im Feuerwehrmuseum<\/strong><br>Mehr Informationen auf der Homepage unseres Vereins:<br><a href=\"https:\/\/www.afh96.de\/museum\/heiraten-im-feuerwehrmuseum\/\">Heiraten im Feuerwehrmuseum<\/a><\/p>\n\n\n\n<hr class=\"wp-block-separator has-alpha-channel-opacity\"\/>\n\n\n\n<p>Wir freuen uns auf Ihren Besuch.<\/p>\n\n\n\n<p>Ihr Team des \u201eBrennpunkt\u201c<br>&#8211; Feuerwehrmuseum der Generationen &#8211;<\/p>\n\n\n\n<p>Branddirektor-Kraemer-Strasse 1 (ehem. Clemens-August-Str. 122)<br>59821 Arnsberg<br>Telefon 02931 \/ 93 90 99 8<br>Mobil 01573 \/ 7800459<\/p>\n\n\n\n\n\n\t\t\t\t<div id=\"map_ol3js_1\" class=\"map undefined\" data-map_name=\"undefined\" data-map=\"map_ol3js_1\" style=\"width:95%; max-width:100%; height:450px; display:block; overflow:hidden;border:2px solid grey;\" >\n\t\t\t\t  <div id=\"map_ol3js_1_popup\" class=\"ol-popup\" >\n\t\t\t\t\t<a href=\"#\" id=\"map_ol3js_1_popup-closer\" class=\"ol-popup-closer\"><\/a>\n\t\t\t\t\t<div id=\"map_ol3js_1_popup-content\" ><\/div>\n\t\t\t\t  <\/div>\n\t\t\t\t<\/div>\n\t\t\t\n\n\t\t\t\t<script type=\"text\/javascript\">\n\t\t\t\t\ttranslations['openlayer'] = \"open layer\";\n\t\t\t\t\ttranslations['openlayerAtStartup'] = \"open layer at startup\";\n\t\t\t\t\ttranslations['generateLink'] = \"Der Link zur Karte mit ausgew\u00e4hlten Overlays und angezeigtem Ausschnitt\";\n\t\t\t\t\ttranslations['shortDescription'] = \"Kurzbeschreibung\";\n\t\t\t\t\ttranslations['generatedShortCode'] = \"to get a text control link paste this code in your wordpress editor\";\n\t\t\t\t\ttranslations['closeLayer'] = \"close layer\";\n\t\t\t\t\ttranslations['cantGenerateLink'] = \"put this string in the existing map short code to control this map\";\n\t\t\t  <\/script>\n\n\n\t\t\t  <script type=\"text\/javascript\">\n\t\t\t  vectorM['map_ol3js_1'] = [];\n\t        \n        var raster = getTileLayer(\"osm\",\"NoKey\");\t\t\t\n\n\t\t\t  var map_ol3js_1 = new ol.Map({\n\t\t\t\tinteractions: ol.interaction.defaults.defaults({mouseWheelZoom:false}),\n\t\t\t\tlayers: [raster],\n\t\t\t\ttarget: \"map_ol3js_1\",\n\t\t\t\tview: new ol.View({\n\t\t\t\t  center: ol.proj.transform([8.0686,51.4056], \"EPSG:4326\", \"EPSG:3857\"),\n\t\t\t\t  zoom: 17.3\n\t\t\t\t})\n\t\t\t  });\n\t\t\t  osm_addMarkerLayer(map_ol3js_1,8.0688,51.4056,\"https:\/\/brennpunkt.afh96.de\/wp-content\/plugins\/osm\/icons\/mic_black_highschool_10.png\",-16,-41,\"<p>Brennpunkt - Feuerwehrmuseum der Generationen<\/p>\") ; \naddControls2Map(map_ol3js_1,0,1,3,1,5,6,7,1,1);\nosm_addPopupClickhandler(map_ol3js_1,  \"map_ol3js_1\"); \nosm_addMouseHover(map_ol3js_1); <\/script>\n\n\n\n<p><\/p>\n","protected":false},"excerpt":{"rendered":"<p>ANMELDUNG ZUM OLDTIMERTREFFEN 30 Jahre AFH96 2026 (afh96.de) Der \u201eBrennpunkt\u201c &#8211; Feuerwehrmuseum der Generationen \u00f6ffnet die Saison 2026 am 14.03.\/15.03.2026. An den ungeraden Wochenende (bis einschlie\u00dflich 24.10.\/25.10.2026) ist das Museum von 14:00 \u2014 17:00 ge\u00f6ffnet. Weitere Informationen finden Sie unter \u00d6ffnungszeiten &amp; Preise. Sonder\u00f6ffnungen stehen ebenfalls zur Verf\u00fcgung, siehe unten. Ganzj\u00e4hrig bieten wir auf Anfrage [&hellip;]<\/p>\n","protected":false},"author":1,"featured_media":0,"parent":0,"menu_order":0,"comment_status":"closed","ping_status":"open","template":"","meta":{"footnotes":""},"class_list":["post-5","page","type-page","status-publish","hentry"],"_links":{"self":[{"href":"https:\/\/brennpunkt.afh96.de\/index.php?rest_route=\/wp\/v2\/pages\/5","targetHints":{"allow":["GET"]}}],"collection":[{"href":"https:\/\/brennpunkt.afh96.de\/index.php?rest_route=\/wp\/v2\/pages"}],"about":[{"href":"https:\/\/brennpunkt.afh96.de\/index.php?rest_route=\/wp\/v2\/types\/page"}],"author":[{"embeddable":true,"href":"https:\/\/brennpunkt.afh96.de\/index.php?rest_route=\/wp\/v2\/users\/1"}],"replies":[{"embeddable":true,"href":"https:\/\/brennpunkt.afh96.de\/index.php?rest_route=%2Fwp%2Fv2%2Fcomments&post=5"}],"version-history":[{"count":102,"href":"https:\/\/brennpunkt.afh96.de\/index.php?rest_route=\/wp\/v2\/pages\/5\/revisions"}],"predecessor-version":[{"id":712,"href":"https:\/\/brennpunkt.afh96.de\/index.php?rest_route=\/wp\/v2\/pages\/5\/revisions\/712"}],"wp:attachment":[{"href":"https:\/\/brennpunkt.afh96.de\/index.php?rest_route=%2Fwp%2Fv2%2Fmedia&parent=5"}],"curies":[{"name":"wp","href":"https:\/\/api.w.org\/{rel}","templated":true}]}}