{"id":48,"date":"2014-01-07T18:14:39","date_gmt":"2014-01-07T17:14:39","guid":{"rendered":"http:\/\/www.brennpunkt-arnsberg.de\/?page_id=48"},"modified":"2024-04-09T21:14:21","modified_gmt":"2024-04-09T19:14:21","slug":"der-weg-zum-neuen-museum","status":"publish","type":"page","link":"https:\/\/brennpunkt.afh96.de\/?page_id=48","title":{"rendered":"Der Weg zum neuen Museum"},"content":{"rendered":"<p>Die Idee, die Vision und der Weg zum NEUEN Feuerwehrmuseum<\/p>\n<p>Die Idee zur Neuerrichtung eines ganzheitlichen Feuerwehrmuseums in der Stadt Arnsberg hat viele V\u00e4ter. Zum einen ist die unzureichende Unterbringung der Fahrzeuge der Arnsberger-Feuerwehr-Historie e.V. in den bisherigen Unterk\u00fcnften der Ausl\u00f6ser, zum anderen die Geb\u00e4udesubstanz und die nicht m\u00f6gliche r\u00e4umliche Erweiterung der Ausstellungsfl\u00e4che des Feuerwehr-Museums am Schlossberg.<\/p>\n<p>In einem pers\u00f6nlichen Gespr\u00e4ch konnte die Leitung der Feuerwehr dem Arnsberger B\u00fcrgermeister Hans-Josef Vogel diese Idee n\u00e4her bringen. Mit Herrn Vogel wurden unterschiedliche Objekte und Standorte besprochen, unter anderem auch der Bahnhof im Ortsteil Arnsberg.<\/p>\n<p>Nach einer Ortsbesichtigung im Jahr 2004 hatten sich dann alle Beteiligten auf das Wunschobjekt \u201eAlte Schreinerei\u201c der DB neben dem Bahnhofshauptgeb\u00e4ude Ortsteil Arnsberg\u00a0 festgelegt. Durch die Stadt Arnsberg wurden Verhandlungen mit der Deutschen Bahn AG \u00fcber den Kauf des gesamten Bahnhofgel\u00e4ndes aufgenommen. Ferner wurden seitens der Arnsberger-Feuerwehr-Historie e.V. F\u00f6rdermittelantr\u00e4ge bei unterschiedlichen Einrichtungen und Stellen angefragt um auch finanziell auf der sicheren Seite zu sein.<\/p>\n<p>Ein Projekt, das nun noch viel Geduld verlangte, aber unter einem guten Stern zu stehen schien.<\/p>\n","protected":false},"excerpt":{"rendered":"<p>Die Idee, die Vision und der Weg zum NEUEN Feuerwehrmuseum Die Idee zur Neuerrichtung eines ganzheitlichen Feuerwehrmuseums in der Stadt Arnsberg hat viele V\u00e4ter. Zum einen ist die unzureichende Unterbringung der Fahrzeuge der Arnsberger-Feuerwehr-Historie e.V. in den bisherigen Unterk\u00fcnften der Ausl\u00f6ser, zum anderen die Geb\u00e4udesubstanz und die nicht m\u00f6gliche r\u00e4umliche Erweiterung der Ausstellungsfl\u00e4che des Feuerwehr-Museums [&hellip;]<\/p>\n","protected":false},"author":1,"featured_media":0,"parent":34,"menu_order":4,"comment_status":"closed","ping_status":"open","template":"","meta":{"footnotes":""},"class_list":["post-48","page","type-page","status-publish","hentry"],"_links":{"self":[{"href":"https:\/\/brennpunkt.afh96.de\/index.php?rest_route=\/wp\/v2\/pages\/48","targetHints":{"allow":["GET"]}}],"collection":[{"href":"https:\/\/brennpunkt.afh96.de\/index.php?rest_route=\/wp\/v2\/pages"}],"about":[{"href":"https:\/\/brennpunkt.afh96.de\/index.php?rest_route=\/wp\/v2\/types\/page"}],"author":[{"embeddable":true,"href":"https:\/\/brennpunkt.afh96.de\/index.php?rest_route=\/wp\/v2\/users\/1"}],"replies":[{"embeddable":true,"href":"https:\/\/brennpunkt.afh96.de\/index.php?rest_route=%2Fwp%2Fv2%2Fcomments&post=48"}],"version-history":[{"count":2,"href":"https:\/\/brennpunkt.afh96.de\/index.php?rest_route=\/wp\/v2\/pages\/48\/revisions"}],"predecessor-version":[{"id":547,"href":"https:\/\/brennpunkt.afh96.de\/index.php?rest_route=\/wp\/v2\/pages\/48\/revisions\/547"}],"up":[{"embeddable":true,"href":"https:\/\/brennpunkt.afh96.de\/index.php?rest_route=\/wp\/v2\/pages\/34"}],"wp:attachment":[{"href":"https:\/\/brennpunkt.afh96.de\/index.php?rest_route=%2Fwp%2Fv2%2Fmedia&parent=48"}],"curies":[{"name":"wp","href":"https:\/\/api.w.org\/{rel}","templated":true}]}}