{"id":44,"date":"2014-01-07T18:10:10","date_gmt":"2014-01-07T17:10:10","guid":{"rendered":"http:\/\/www.brennpunkt-arnsberg.de\/?page_id=44"},"modified":"2024-04-09T21:12:37","modified_gmt":"2024-04-09T19:12:37","slug":"umzug-oder-renovierung","status":"publish","type":"page","link":"https:\/\/brennpunkt.afh96.de\/?page_id=44","title":{"rendered":"Umzug oder Renovierung?"},"content":{"rendered":"<p>\u00dcberlegungen \u00fcber Verlagerung und \/ oder Renovierung altes Feuerwehrmuseum.<\/p>\n<p>In den Jahren 1986\/1987 gab es \u00dcberlegungen, das Feuerwehrmuseum am Schlossberg wegen baulicher M\u00e4ngel und Vandalismus aufzugeben und einen neuen Standort zu suchen.<br \/>\nIn Betracht gezogen wurden Garagen an der Nordseite des alten Rathauses am Alten Markt in Arnsberg. Dieses wurde von der Denkmalpflege aber abgelehnt.<br \/>\nWeiterhin war die Idee, das Feuerwehrmuseum in das Gew\u00f6lbe im Hof des Sauerlandmuseum zu verlegen. Da der Hochsauerlandkreis jedoch zur Zeit eine Verbesserung der Attraktivit\u00e4t des Sauerlandmuseum plante, konnte hierzu keine Zusage gemacht werden. Nach Aussage des hiesigen Bauamtes w\u00fcrde eine Herrichtung des Gew\u00f6lbes f\u00fcr das Feuerwehrmuseum ca. 35.000,00 DM kosten. Man einigte sich darauf, diese 35 TDM von der Verwaltung zur Verf\u00fcgung zu stellen und das vorhandene Museum so umzubauen, dass es den Anspr\u00fcchen gen\u00fcgte.<\/p>\n<p>So konnte im Jahr 1989\/ 1990 mit der Renovierung und Umbau des alten Feuerwehrmuseums begonnen werden. In 1.000 freiwilligen Arbeitsstunden der Mitglieder des L\u00f6schzuges Arnsberg wurde das Dach \u00fcberholt, der Innenanstrich und die elektrische Anlage erneuert, Klinkerfu\u00dfboden verlegt und die Au\u00dfenanlagen neu hergerichtet, so dass am Pfingstsamstag 1990 das Museum feierlich mit prominenten G\u00e4sten und vielen Besuchern eingeweiht werden konnte. Zu den G\u00e4sten geh\u00f6rte auch der damalige Stadtdirektor Herbold, der vor 20 Jahren die Idee f\u00fcr dieses Museum am Schlossberg hatte, Kreisbrandmeister Karl Biskoping und Stadtbrandmeister Hubert Prange.<\/p>\n<p>Die Schl\u00fcsselgewalt \u00fcbernahm Exstadtbrandmeister Willi Herbst.<\/p>\n","protected":false},"excerpt":{"rendered":"<p>\u00dcberlegungen \u00fcber Verlagerung und \/ oder Renovierung altes Feuerwehrmuseum. In den Jahren 1986\/1987 gab es \u00dcberlegungen, das Feuerwehrmuseum am Schlossberg wegen baulicher M\u00e4ngel und Vandalismus aufzugeben und einen neuen Standort zu suchen. In Betracht gezogen wurden Garagen an der Nordseite des alten Rathauses am Alten Markt in Arnsberg. Dieses wurde von der Denkmalpflege aber abgelehnt. [&hellip;]<\/p>\n","protected":false},"author":1,"featured_media":0,"parent":34,"menu_order":2,"comment_status":"closed","ping_status":"open","template":"","meta":{"footnotes":""},"class_list":["post-44","page","type-page","status-publish","hentry"],"_links":{"self":[{"href":"https:\/\/brennpunkt.afh96.de\/index.php?rest_route=\/wp\/v2\/pages\/44","targetHints":{"allow":["GET"]}}],"collection":[{"href":"https:\/\/brennpunkt.afh96.de\/index.php?rest_route=\/wp\/v2\/pages"}],"about":[{"href":"https:\/\/brennpunkt.afh96.de\/index.php?rest_route=\/wp\/v2\/types\/page"}],"author":[{"embeddable":true,"href":"https:\/\/brennpunkt.afh96.de\/index.php?rest_route=\/wp\/v2\/users\/1"}],"replies":[{"embeddable":true,"href":"https:\/\/brennpunkt.afh96.de\/index.php?rest_route=%2Fwp%2Fv2%2Fcomments&post=44"}],"version-history":[{"count":2,"href":"https:\/\/brennpunkt.afh96.de\/index.php?rest_route=\/wp\/v2\/pages\/44\/revisions"}],"predecessor-version":[{"id":544,"href":"https:\/\/brennpunkt.afh96.de\/index.php?rest_route=\/wp\/v2\/pages\/44\/revisions\/544"}],"up":[{"embeddable":true,"href":"https:\/\/brennpunkt.afh96.de\/index.php?rest_route=\/wp\/v2\/pages\/34"}],"wp:attachment":[{"href":"https:\/\/brennpunkt.afh96.de\/index.php?rest_route=%2Fwp%2Fv2%2Fmedia&parent=44"}],"curies":[{"name":"wp","href":"https:\/\/api.w.org\/{rel}","templated":true}]}}