{"id":40,"date":"2014-01-07T18:07:26","date_gmt":"2014-01-07T17:07:26","guid":{"rendered":"http:\/\/www.brennpunkt-arnsberg.de\/?page_id=40"},"modified":"2024-04-09T21:13:20","modified_gmt":"2024-04-09T19:13:20","slug":"das-alte-museum","status":"publish","type":"page","link":"https:\/\/brennpunkt.afh96.de\/?page_id=40","title":{"rendered":"Das alte Museum am Schlossberg"},"content":{"rendered":"<p>Zweck dieses kleinen Museums (ca. 60 m\u00b2) war es, den B\u00fcrgern Arnsbergs und Umgebung einen \u00dcberblick \u00fcber die Entwicklung des Brandschutzes in unserer Heimat zu geben.<br \/>\nWie es nun zum Bau des Museums als Schlossberg \u2013 Attraktion kam:<\/p>\n<p>Kurz nach der Inbetriebnahme des neuen Feuerwehrger\u00e4tehauses an der Ruhrstra\u00dfe im Jahre 1966 entdeckte Hauptbrandmeister Willi Herbst, genannt \u201eHerbst Feger\u201c, auf einem mit Schrott beladenen Lastkraftwagen eines Altwarenh\u00e4ndlers eine Feuerspritze von \u201eanno Tobak\u201c. Das Ding sehen, kaufen und zum Ger\u00e4tehaus bringen lassen, war Minutensache. Sein Feuerwehrkamerad Max Sturzenhecker (erster Wehrf\u00fchrer der Feuerwehr der Stadt Arnsberg nach der Neugliederung 1975) besorgte sp\u00e4ter eine weitere Feuerspritze.<\/p>\n<p>Die Feuerspritzen sollten, so dachte man sich, vor dem neuen Feuerwehrger\u00e4tehaus an der Ruhrstra\u00dfe Aufstellung finden. Doch Stadtdirektor Dr. Hermann Herbold, der ein besonderes Augenmerk schon seit Jahren auf den Schlossberg gerichtet hatte, wusste etwas Besseres. \u201eWir bauen ein Feuerwehrmuseum am Schlossberg\u201c, schlug er vor. So geschah es.<\/p>\n<p>Nachdem Max Sturzenheckers Entwurf zum Bau eines Fachwerkgeb\u00e4udes einigerma\u00dfen unb\u00fcrokratisch \u00fcber die Genehmigungsh\u00fcrden gekommen war, ging das Werken im Herbst 1970 los. Viele flei\u00dfige H\u00e4nde fassten freiwillig zu, einige planierten, hoben Fundamente aus und best\u00e4tigten sich als \u201eSchlossbergmaurer\u201c, andere zimmerten das Geb\u00e4ude und verputzten das Mauerwerk. Unter fachm\u00e4nnischer Leitung von Willi Hesse wurde das Dach geschiefert. Emil Hauke, Josef Keck und ihre Helfer schreinerten. Siegfried Schreiber bew\u00e4hrte sich als Kunstschmied. G\u00fcnter Zippel und weitere Feuerwehrm\u00e4nner f\u00fchrten die Anstreicherarbeiten oft schon dann aus, wenn der Verputz noch nicht ausreichend getrocknet war. Gleichzeitig wurden \u00fcberall im Sauerland alle Feuerwehrausr\u00fcstungen und L\u00f6schger\u00e4te besorgt, so dass schon am 8. Mai 1971 das Feuerwehrmuseum vollst\u00e4ndig eingerichtet der \u00d6ffentlichkeit \u00fcbergeben werden konnte.<\/p>\n<p>Das Museum lieferte vielf\u00e4ltigen Anschauungsunterricht dar\u00fcber, wie man zu Gro\u00dfvaters Zeiten und noch fr\u00fcher den \u201eroten Hahn\u201c bek\u00e4mpfte. Die \u00e4lteste der drei ausgestellten Feuerspritzen stammte aus Brunskappel (heute Ortsteil der Stadt Olsberg), die dem Schrotth\u00e4ndler von der Sch\u00fcppe sprang. Sie wurde von einem Ochsengespann gezogen und rollte erstmalig 1784 an eine Brandstelle.<\/p>\n<p>Rund 200 Ausstellungsst\u00fccke wie Helme, M\u00fctzen, Koppel; Abzeichen, Motorr\u00e4der, Feuerspritzen und L\u00f6scheimer konnten in dem Museum besichtigt werden.<\/p>\n","protected":false},"excerpt":{"rendered":"<p>Zweck dieses kleinen Museums (ca. 60 m\u00b2) war es, den B\u00fcrgern Arnsbergs und Umgebung einen \u00dcberblick \u00fcber die Entwicklung des Brandschutzes in unserer Heimat zu geben. Wie es nun zum Bau des Museums als Schlossberg \u2013 Attraktion kam: Kurz nach der Inbetriebnahme des neuen Feuerwehrger\u00e4tehauses an der Ruhrstra\u00dfe im Jahre 1966 entdeckte Hauptbrandmeister Willi Herbst, [&hellip;]<\/p>\n","protected":false},"author":1,"featured_media":0,"parent":34,"menu_order":1,"comment_status":"closed","ping_status":"open","template":"","meta":{"footnotes":""},"class_list":["post-40","page","type-page","status-publish","hentry"],"_links":{"self":[{"href":"https:\/\/brennpunkt.afh96.de\/index.php?rest_route=\/wp\/v2\/pages\/40","targetHints":{"allow":["GET"]}}],"collection":[{"href":"https:\/\/brennpunkt.afh96.de\/index.php?rest_route=\/wp\/v2\/pages"}],"about":[{"href":"https:\/\/brennpunkt.afh96.de\/index.php?rest_route=\/wp\/v2\/types\/page"}],"author":[{"embeddable":true,"href":"https:\/\/brennpunkt.afh96.de\/index.php?rest_route=\/wp\/v2\/users\/1"}],"replies":[{"embeddable":true,"href":"https:\/\/brennpunkt.afh96.de\/index.php?rest_route=%2Fwp%2Fv2%2Fcomments&post=40"}],"version-history":[{"count":4,"href":"https:\/\/brennpunkt.afh96.de\/index.php?rest_route=\/wp\/v2\/pages\/40\/revisions"}],"predecessor-version":[{"id":545,"href":"https:\/\/brennpunkt.afh96.de\/index.php?rest_route=\/wp\/v2\/pages\/40\/revisions\/545"}],"up":[{"embeddable":true,"href":"https:\/\/brennpunkt.afh96.de\/index.php?rest_route=\/wp\/v2\/pages\/34"}],"wp:attachment":[{"href":"https:\/\/brennpunkt.afh96.de\/index.php?rest_route=%2Fwp%2Fv2%2Fmedia&parent=40"}],"curies":[{"name":"wp","href":"https:\/\/api.w.org\/{rel}","templated":true}]}}