{"id":26,"date":"2014-01-01T17:15:35","date_gmt":"2014-01-01T16:15:35","guid":{"rendered":"http:\/\/www.brennpunkt-arnsberg.de\/?page_id=26"},"modified":"2024-06-26T11:11:02","modified_gmt":"2024-06-26T09:11:02","slug":"impressum","status":"publish","type":"page","link":"https:\/\/brennpunkt.afh96.de\/?page_id=26","title":{"rendered":"Impressum"},"content":{"rendered":"<p><strong>Arnsberger-Feuerwehr-Historie e.V.<\/strong><\/p>\n<p>Vorsitzender Thomas Radomski<br \/>\nAm Hackeland 1a<br \/>\n59759 Arnsberg<\/p>\n<p><strong>Standort des Feuerwehrmuseums:<\/strong><\/p>\n<p>BRENNPUNKT &#8211; Feuerwehrmuseum der Generationen<br \/>\nBranddirektor-Kraemer-Str. 1<br \/>\n59821 Arnsberg<\/p>\n<p><strong>Webmaster:<\/strong><br \/>\nJan Pater<br \/>\nadmin (at) afh96.de<\/p>\n<p><strong>\u00d6ffentlichkeitsbeauftragter:<\/strong><br \/>\nBen Naramski<br \/>\nnaramski (at) afh96.de<\/p>\n<p><strong>Social Media Pr\u00e4senzen:<\/strong><br \/>\nDieses Impressum gilt auch f\u00fcr unser\u00a0<a href=\"https:\/\/www.facebook.com\/Feuerwehrmuseum.Arnsberg\" target=\"_blank\" rel=\"noreferrer noopener\">Facebook-<\/a>,\u00a0<a href=\"https:\/\/www.instagram.com\/brennpunkt_arnsberg\/\">Instagram-Profil<\/a>\u00a0und unseren\u00a0<a href=\"https:\/\/www.youtube.com\/@Brennpunkt_Arnsberg\">YouTube-Kanal<\/a>.<\/p>\n<p>Zur besseren Lesbarkeit wird auf dieser Website das generische Maskulinum verwendet. Die auf den Seiten verwendeten Personenbezeichnungen beziehen sich \u2013 sofern nicht anders kenntlich gemacht \u2013 auf alle Geschlechter.<\/p>\n<p><strong>Links<br \/>\n<\/strong> Mit Urteil vom 12. Mai 1998 \u2013 312 O 85\/98 \u2013 &#8222;Haftung f\u00fcr Links&#8220; hat das Landgericht (LG) Hamburg entschieden, dass man durch die Anbringung eines Links die Inhalte der gelinkten Seiten ggf. mit zu verantworten hat.<br \/>\nDieses kann \u2013 so das LG \u2013 nur dadurch verhindert werden, dass man sich ausdr\u00fccklich von diesen Inhalten distanziert.<\/p>\n<p>Die verlinkten Seiten wurden zum Zeitpunkt der Verlinkung auf m\u00f6gliche Rechtsverst\u00f6\u00dfe \u00fcberpr\u00fcft. Rechtswidrige Inhalte waren zum Zeitpunkt der Verlinkung nicht erkennbar.<\/p>\n<p>Eine permanente inhaltliche Kontrolle der verlinkten Seiten ist jedoch ohne konkrete Anhaltspunkte einer Rechtsverletzung nicht zumutbar. Bei Bekanntwerden von Rechtsverletzungen werden wir derartige Links umgehend entfernen.<\/p>\n<p>Hiermit erkl\u00e4ren wir, dass wir uns ausdr\u00fccklich von allen Inhalten der durch diese Homepage gelinkten Seiten distanzieren und uns deren Inhalte nicht zu eigen machen.<\/p>\n<p><strong>Urheberrechtshinweis<\/strong><br \/>\nAlle Rechte vorbehalten, Arnsberger Feuerwehr Historie e.V., 59759 Arnsberg<\/p>\n<p>Diese Dokumente\/Internetseiten einschlie\u00dflich aller ihrer Teile sind urheberrechtlich gesch\u00fctzt. Sie d\u00fcrfen nur zum privaten und nichtgewerblichen Gebrauch zum Zweck der Information kopiert und ausgedruckt werden, wenn sie den Urheberrechts- und Copyright-Hinweis enthalten. Die Arnsberger Feuerwehr Historie e.V. beh\u00e4lt sich das Recht vor, diese Erlaubnis jederzeit zu widerrufen.<br \/>\nOhne vorherige schriftliche Genehmigung der Arnsberger Feuerwehr Historie e.V. d\u00fcrfen diese Dokumente\/Internetseiten nicht vervielf\u00e4ltigt, archiviert, auf einem anderen Server gespeichert, in Newsgruppen einbezogen, in Online-Diensten benutzt oder auf einer CD-ROM oder anderen Datentr\u00e4gern gespeichert werden.<br \/>\nSie d\u00fcrfen jedoch in einen Cache oder einen Proxy-Server zur Optimierung der Zugriffsgeschwindigkeit kopiert werden.<br \/>\nWir begr\u00fc\u00dfen und erlauben ausdr\u00fccklich das Setzen von Links auf unsere Internetadresse:<br \/>\n(<a href=\"https:\/\/www.afh96.de\/\">www.afh96.de<\/a>, <a href=\"http:\/\/www.arnsberger-feuerwehr-historie.de\">www.arnsberger-feuerwehr-historie.de<\/a>, <a href=\"http:\/\/www.brennpunkt-arnsberg.de\">www.brennpunkt-arnsberg.de, <\/a><a style=\"font-size: revert;\" href=\"https:\/\/brennpunkt.afh96.de\">brennpunkt.afh96.de<\/a><span style=\"font-size: revert; color: initial;\">).<\/span><\/p>\n","protected":false},"excerpt":{"rendered":"<p>Arnsberger-Feuerwehr-Historie e.V. Vorsitzender Thomas Radomski Am Hackeland 1a 59759 Arnsberg Standort des Feuerwehrmuseums: BRENNPUNKT &#8211; Feuerwehrmuseum der Generationen Branddirektor-Kraemer-Str. 1 59821 Arnsberg Webmaster: Jan Pater admin (at) afh96.de \u00d6ffentlichkeitsbeauftragter: Ben Naramski naramski (at) afh96.de Social Media Pr\u00e4senzen: Dieses Impressum gilt auch f\u00fcr unser\u00a0Facebook-,\u00a0Instagram-Profil\u00a0und unseren\u00a0YouTube-Kanal. Zur besseren Lesbarkeit wird auf dieser Website das generische Maskulinum verwendet. [&hellip;]<\/p>\n","protected":false},"author":1,"featured_media":0,"parent":0,"menu_order":99,"comment_status":"closed","ping_status":"open","template":"","meta":{"footnotes":""},"class_list":["post-26","page","type-page","status-publish","hentry"],"_links":{"self":[{"href":"https:\/\/brennpunkt.afh96.de\/index.php?rest_route=\/wp\/v2\/pages\/26","targetHints":{"allow":["GET"]}}],"collection":[{"href":"https:\/\/brennpunkt.afh96.de\/index.php?rest_route=\/wp\/v2\/pages"}],"about":[{"href":"https:\/\/brennpunkt.afh96.de\/index.php?rest_route=\/wp\/v2\/types\/page"}],"author":[{"embeddable":true,"href":"https:\/\/brennpunkt.afh96.de\/index.php?rest_route=\/wp\/v2\/users\/1"}],"replies":[{"embeddable":true,"href":"https:\/\/brennpunkt.afh96.de\/index.php?rest_route=%2Fwp%2Fv2%2Fcomments&post=26"}],"version-history":[{"count":10,"href":"https:\/\/brennpunkt.afh96.de\/index.php?rest_route=\/wp\/v2\/pages\/26\/revisions"}],"predecessor-version":[{"id":600,"href":"https:\/\/brennpunkt.afh96.de\/index.php?rest_route=\/wp\/v2\/pages\/26\/revisions\/600"}],"wp:attachment":[{"href":"https:\/\/brennpunkt.afh96.de\/index.php?rest_route=%2Fwp%2Fv2%2Fmedia&parent=26"}],"curies":[{"name":"wp","href":"https:\/\/api.w.org\/{rel}","templated":true}]}}