{"id":12,"date":"2014-01-01T17:47:42","date_gmt":"2014-01-01T15:47:42","guid":{"rendered":"http:\/\/www.brennpunkt-arnsberg.de\/?page_id=12"},"modified":"2026-04-03T19:16:34","modified_gmt":"2026-04-03T17:16:34","slug":"oeffnungszeiten-preise","status":"publish","type":"page","link":"https:\/\/brennpunkt.afh96.de\/?page_id=12","title":{"rendered":"\u00d6ffnungszeiten &#038; Preise"},"content":{"rendered":"<p>Das Museum ist wieder in den ungeraden Kalenderwochen (KW 11 &#8211; KW 43) regul\u00e4r am jeweiligen Samstag und Sonntag ge\u00f6ffnet. <strong>Sonderbuchungen sind weiterhin m\u00f6glich, siehe unten.<\/strong><\/p>\n<p><span style=\"font-size: 18px;\"><strong>N\u00e4chster Termin: 11.04\/12.04.2026 \u2014 14:00-17:00 Uhr<br \/><\/strong><\/span><\/p>\n<p>Kurzfristige \u00c4nderungen m\u00f6glich.<\/p>\n\n\n<details class=\"wp-block-details is-layout-flow wp-block-details-is-layout-flow\"><summary><strong>Alle \u00f6ffentlichen Museumstermine jeweils 14 &#8211; 17 Uhr (Klicken, um aufzuklappen)<\/strong><\/summary>\n<p><strong>KW 11:<\/strong> 14.03. &amp; 15.03.2026<\/p>\n\n\n\n<p><strong>KW 13:<\/strong> 28.03. &amp; 29.03.2026<\/p>\n\n\n\n<p><strong>KW 15:<\/strong> 11.04. &amp; 12.04.2026<\/p>\n\n\n\n<p><strong>KW 17:<\/strong> 25.04. &amp; 26.04.2026<\/p>\n\n\n\n<p><strong>KW 19:<\/strong> 09.05. &amp; 10.05.2026<\/p>\n\n\n\n<p><strong>KW 21:<\/strong> 23.05. &amp; 24.05.2026<\/p>\n\n\n\n<p><strong>KW 23:<\/strong> 06.06. &amp; 07.06.2026<\/p>\n\n\n\n<p><strong>KW 25:<\/strong> 20.06. &amp; 21.06.2026<\/p>\n\n\n\n<p><strong>KW 27:<\/strong> 04.07. &amp; 05.07.2026<\/p>\n\n\n\n<p><strong>KW 29:<\/strong> 18.07. &amp; 19.07.2026<\/p>\n\n\n\n<p><strong>KW 31:<\/strong> 01.08. &amp; 02.08.2026<\/p>\n\n\n\n<p><strong>KW 33:<\/strong> 15.08. &amp; 16.08.2026<\/p>\n\n\n\n<p><strong>KW 35:<\/strong> 29.08. &amp; 30.08.2026<\/p>\n\n\n\n<p><strong>KW 37:<\/strong> 12.09. &amp; 13.09.2026<\/p>\n\n\n\n<p><strong>KW 39:<\/strong> 26.09. &amp; 27.09.2026<\/p>\n\n\n\n<p><strong>KW 41:<\/strong> 10.10. &amp; 11.10.2026<\/p>\n\n\n\n<p><strong>KW 43:<\/strong> 24.10. &amp; 25.10.2026<\/p>\n<\/details>\n\n\n\n<hr class=\"wp-block-separator has-alpha-channel-opacity\"\/>\n\n\n\n<p><strong>GANZJ\u00c4HRIG <\/strong>bieten wir auf Anfrage an (au\u00dfer Sonntags und Feiertags):<\/p>\n\n\n\n<p><a href=\"https:\/\/www.afh96.de\/angebotebuchen\/\" data-type=\"link\" data-id=\"https:\/\/www.afh96.de\/angebotebuchen\/\"><strong>ANGEBOT BUCHEN (afh96.de)<\/strong><\/a><br><br>F\u00fchrungen von Gruppen, Kinderg\u00e4rten und Schulen<\/p>\n\n\n\n<p>Kindergeburtstage<\/p>\n\n\n\n<p>Hochzeitsfahrten mit unseren Oldtimerfahrzeugen<\/p>\n\n\n\n<p>Vermietung von R\u00e4umlichkeiten<\/p>\n\n\n\n<p><strong>Au\u00dferdem m\u00f6glich:<\/strong><\/p>\n\n\n\n<p><a href=\"https:\/\/www.afh96.de\/museum\/heiraten-im-feuerwehrmuseum\/\" data-type=\"link\" data-id=\"https:\/\/www.afh96.de\/museum\/heiraten-im-feuerwehrmuseum\/\">Heiraten im Feuerwehrmuseum (afh96.de)<\/a><\/p>\n\n\n<h2 id=\"tablepress-1-name\" class=\"tablepress-table-name tablepress-table-name-id-1\">Eintrittspreise<\/h2>\n\n<table id=\"tablepress-1\" class=\"tablepress tablepress-id-1\" aria-labelledby=\"tablepress-1-name\">\n<tbody class=\"row-striping row-hover\">\n<tr class=\"row-1\">\n\t<td class=\"column-1\">Erwachsene<\/td><td class=\"column-2\">5,00 \u20ac<\/td>\n<\/tr>\n<tr class=\"row-2\">\n\t<td class=\"column-1\">Jugendliche\/Kinder (7 \u2013 16 Jahre)<\/td><td class=\"column-2\">3,00 \u20ac<\/td>\n<\/tr>\n<tr class=\"row-3\">\n\t<td class=\"column-1\">Kinder bis 6 Jahre<\/td><td class=\"column-2\">frei<\/td>\n<\/tr>\n<tr class=\"row-4\">\n\t<td class=\"column-1\">Begleitpersonen von Personen mit Schwerbehindertenausweis und Merkzeichen B<\/td><td class=\"column-2\">frei<\/td>\n<\/tr>\n<tr class=\"row-5\">\n\t<td class=\"column-1\">Familienkarte (2 Erwachsene + 2 Kinder \/ Jugendliche)<\/td><td class=\"column-2\">12,00 \u20ac<\/td>\n<\/tr>\n<tr class=\"row-6\">\n\t<td class=\"column-1\">Gruppenkarte (10 Personen)<\/td><td class=\"column-2\">40,00 \u20ac<\/td>\n<\/tr>\n<tr class=\"row-7\">\n\t<td class=\"column-1\">jede weitere Person (ab 11 Personen)<\/td><td class=\"column-2\">4,00 \u20ac<\/td>\n<\/tr>\n<\/tbody>\n<\/table>\n<!-- #tablepress-1 from cache -->\n\n<h2 id=\"tablepress-2-name\" class=\"tablepress-table-name tablepress-table-name-id-2\">Gruppenf\u00fchrungen<\/h2>\n\n<table id=\"tablepress-2\" class=\"tablepress tablepress-id-2\" aria-labelledby=\"tablepress-2-name\">\n<tbody class=\"row-striping row-hover\">\n<tr class=\"row-1\">\n\t<td class=\"column-1\">Gruppenkarte inkl. F\u00fchrung<\/td><td class=\"column-2\">70,00 \u20ac<\/td>\n<\/tr>\n<tr class=\"row-2\">\n\t<td class=\"column-1\">jede weitere Person (ab 11 Personen)<\/td><td class=\"column-2\">7,00 \u20ac<\/td>\n<\/tr>\n<\/tbody>\n<\/table>\n<!-- #tablepress-2 from cache -->\n\n<h2 id=\"tablepress-3-name\" class=\"tablepress-table-name tablepress-table-name-id-3\">Kindergeburtstag<\/h2>\n<span id=\"tablepress-3-description\" class=\"tablepress-table-description tablepress-table-description-id-3\">Das Geburtstagskind sowie zwei Begleit-\/Aufsichtspersonen sind kostenfrei.<br \/>\nEin Kaltgetr\u00e4nk pro Kind ist im Preis inbegriffen. Weitere Getr\u00e4nke werden gem\u00e4\u00df der aktuellen Getr\u00e4nkekarte berechnet.<br \/>\nEmpfohlenes Mindestalter der Kinder: 5 Jahre<br \/>\nMindestteilnehmerzahl: 6 Kinder<\/span>\n\n<table id=\"tablepress-3\" class=\"tablepress tablepress-id-3\" aria-labelledby=\"tablepress-3-name\" aria-describedby=\"tablepress-3-description\">\n<tbody class=\"row-striping row-hover\">\n<tr class=\"row-1\">\n\t<td class=\"column-1\">Kindergeburtstag (pro Kind)<\/td><td class=\"column-2\">13,00 \u20ac<\/td>\n<\/tr>\n<tr class=\"row-2\">\n\t<td class=\"column-1\">jede weitere Begleitperson<\/td><td class=\"column-2\">4,00 \u20ac<\/td>\n<\/tr>\n<\/tbody>\n<\/table>\n<!-- #tablepress-3 from cache -->\n\n<h2 id=\"tablepress-4-name\" class=\"tablepress-table-name tablepress-table-name-id-4\">Schulen &amp; Kindereinrichtungen<\/h2>\n<span id=\"tablepress-4-description\" class=\"tablepress-table-description tablepress-table-description-id-4\">Zwei Betreuerinnen und Betreuer \/ Begleitpersonen sind kostenfrei.<\/span>\n\n<table id=\"tablepress-4\" class=\"tablepress tablepress-id-4\" aria-labelledby=\"tablepress-4-name\" aria-describedby=\"tablepress-4-description\">\n<tbody class=\"row-striping row-hover\">\n<tr class=\"row-1\">\n\t<td class=\"column-1\">F\u00fchrung f\u00fcr Schulen, Kinderg\u00e4rten und Kindertagesst\u00e4tten<br \/>\n(pro Kind)<\/td><td class=\"column-2\">5,50 \u20ac<\/td>\n<\/tr>\n<tr class=\"row-2\">\n\t<td class=\"column-1\">jede weitere Begleitperson<\/td><td class=\"column-2\">4,00 \u20ac<\/td>\n<\/tr>\n<\/tbody>\n<\/table>\n<!-- #tablepress-4 from cache -->","protected":false},"excerpt":{"rendered":"<p>Das Museum ist wieder in den ungeraden Kalenderwochen (KW 11 &#8211; KW 43) regul\u00e4r am jeweiligen Samstag und Sonntag ge\u00f6ffnet. Sonderbuchungen sind weiterhin m\u00f6glich, siehe unten. N\u00e4chster Termin: 11.04\/12.04.2026 \u2014 14:00-17:00 Uhr Kurzfristige \u00c4nderungen m\u00f6glich. GANZJ\u00c4HRIG bieten wir auf Anfrage an (au\u00dfer Sonntags und Feiertags): ANGEBOT BUCHEN (afh96.de) F\u00fchrungen von Gruppen, Kinderg\u00e4rten und Schulen Kindergeburtstage [&hellip;]<\/p>\n","protected":false},"author":1,"featured_media":0,"parent":0,"menu_order":1,"comment_status":"closed","ping_status":"open","template":"","meta":{"footnotes":""},"class_list":["post-12","page","type-page","status-publish","hentry"],"_links":{"self":[{"href":"https:\/\/brennpunkt.afh96.de\/index.php?rest_route=\/wp\/v2\/pages\/12","targetHints":{"allow":["GET"]}}],"collection":[{"href":"https:\/\/brennpunkt.afh96.de\/index.php?rest_route=\/wp\/v2\/pages"}],"about":[{"href":"https:\/\/brennpunkt.afh96.de\/index.php?rest_route=\/wp\/v2\/types\/page"}],"author":[{"embeddable":true,"href":"https:\/\/brennpunkt.afh96.de\/index.php?rest_route=\/wp\/v2\/users\/1"}],"replies":[{"embeddable":true,"href":"https:\/\/brennpunkt.afh96.de\/index.php?rest_route=%2Fwp%2Fv2%2Fcomments&post=12"}],"version-history":[{"count":227,"href":"https:\/\/brennpunkt.afh96.de\/index.php?rest_route=\/wp\/v2\/pages\/12\/revisions"}],"predecessor-version":[{"id":714,"href":"https:\/\/brennpunkt.afh96.de\/index.php?rest_route=\/wp\/v2\/pages\/12\/revisions\/714"}],"wp:attachment":[{"href":"https:\/\/brennpunkt.afh96.de\/index.php?rest_route=%2Fwp%2Fv2%2Fmedia&parent=12"}],"curies":[{"name":"wp","href":"https:\/\/api.w.org\/{rel}","templated":true}]}}